{"id":4327,"date":"2023-03-17T15:30:51","date_gmt":"2023-03-17T14:30:51","guid":{"rendered":"http:\/\/150.145.64.139\/?page_id=4327"},"modified":"2023-10-09T16:19:53","modified_gmt":"2023-10-09T14:19:53","slug":"life-science","status":"publish","type":"page","link":"https:\/\/www.ipcf.cnr.it\/it\/ipcf-pillars\/life-science\/","title":{"rendered":"Scienze per la Vita"},"content":{"rendered":"<div data-elementor-type=\"wp-page\" data-elementor-id=\"4327\" class=\"elementor elementor-4327\">\n\t\t\t\t\t\t<section class=\"elementor-section elementor-top-section elementor-element elementor-element-714ba6f0 elementor-section-boxed elementor-section-height-default elementor-section-height-default\" data-id=\"714ba6f0\" data-element_type=\"section\" data-e-type=\"section\">\n\t\t\t\t\t\t<div class=\"elementor-container elementor-column-gap-default\">\n\t\t\t\t\t<div class=\"elementor-column elementor-col-100 elementor-top-column elementor-element elementor-element-1a114fc9\" data-id=\"1a114fc9\" data-element_type=\"column\" data-e-type=\"column\">\n\t\t\t<div class=\"elementor-widget-wrap elementor-element-populated\">\n\t\t\t\t\t\t<div class=\"elementor-element elementor-element-1ec4a4ac elementor-widget elementor-widget-spacer\" data-id=\"1ec4a4ac\" data-element_type=\"widget\" data-e-type=\"widget\" data-widget_type=\"spacer.default\">\n\t\t\t\t<div class=\"elementor-widget-container\">\n\t\t\t\t\t\t\t<div class=\"elementor-spacer\">\n\t\t\t<div class=\"elementor-spacer-inner\"><\/div>\n\t\t<\/div>\n\t\t\t\t\t\t<\/div>\n\t\t\t\t<\/div>\n\t\t\t\t\t<\/div>\n\t\t<\/div>\n\t\t\t\t\t<\/div>\n\t\t<\/section>\n\t\t\t\t<section class=\"elementor-section elementor-top-section elementor-element elementor-element-715389ea elementor-section-boxed elementor-section-height-default elementor-section-height-default\" data-id=\"715389ea\" data-element_type=\"section\" data-e-type=\"section\">\n\t\t\t\t\t\t<div class=\"elementor-container elementor-column-gap-default\">\n\t\t\t\t\t<div class=\"elementor-column elementor-col-100 elementor-top-column elementor-element elementor-element-51bf53d6\" data-id=\"51bf53d6\" data-element_type=\"column\" data-e-type=\"column\">\n\t\t\t<div class=\"elementor-widget-wrap elementor-element-populated\">\n\t\t\t\t\t\t<div class=\"elementor-element elementor-element-6096b4b3 elementor-widget elementor-widget-spacer\" data-id=\"6096b4b3\" data-element_type=\"widget\" data-e-type=\"widget\" data-widget_type=\"spacer.default\">\n\t\t\t\t<div class=\"elementor-widget-container\">\n\t\t\t\t\t\t\t<div class=\"elementor-spacer\">\n\t\t\t<div class=\"elementor-spacer-inner\"><\/div>\n\t\t<\/div>\n\t\t\t\t\t\t<\/div>\n\t\t\t\t<\/div>\n\t\t\t\t\t<\/div>\n\t\t<\/div>\n\t\t\t\t\t<\/div>\n\t\t<\/section>\n\t\t\t\t<section class=\"elementor-section elementor-top-section elementor-element elementor-element-29bea551 elementor-section-boxed elementor-section-height-default elementor-section-height-default\" data-id=\"29bea551\" data-element_type=\"section\" data-e-type=\"section\">\n\t\t\t\t\t\t<div class=\"elementor-container elementor-column-gap-default\">\n\t\t\t\t\t<div class=\"elementor-column elementor-col-100 elementor-top-column elementor-element elementor-element-5d63a597\" data-id=\"5d63a597\" data-element_type=\"column\" data-e-type=\"column\">\n\t\t\t<div class=\"elementor-widget-wrap elementor-element-populated\">\n\t\t\t\t\t\t<div class=\"elementor-element elementor-element-052ca76 elementor-widget elementor-widget-text-editor\" data-id=\"052ca76\" data-element_type=\"widget\" data-e-type=\"widget\" data-widget_type=\"text-editor.default\">\n\t\t\t\t<div class=\"elementor-widget-container\">\n\t\t\t\t\t\t\t\t\t<p><span data-contrast=\"none\">I ricercatori delle tre sedi di IPCF sono fortemente impegnati nelle scienze della vita, e diverse linee di ricerca sono attualmente sviluppate su questa tematica, con l'obiettivo di acquisire nuove conoscenze sui <\/span><span data-contrast=\"none\">processi biologici, contribuendo cos\u00ec a uno sviluppo sostenibile della societ\u00e0 e ad un miglioramento della qualit\u00e0 della vita della popolazione.<\/span><span data-ccp-props=\"{&quot;134233117&quot;:false,&quot;134233118&quot;:false,&quot;201341983&quot;:0,&quot;335551550&quot;:1,&quot;335551620&quot;:1,&quot;335559685&quot;:0,&quot;335559737&quot;:0,&quot;335559738&quot;:0,&quot;335559739&quot;:150,&quot;335559740&quot;:240}\">\u00a0<\/span><\/p><p><span data-contrast=\"none\">Le attivit\u00e0 scientifiche sono focalizzate sulla progettazione e la caratterizzazione di nuove procedure di immobilizzazione enzimatica, di <\/span><span data-contrast=\"none\">biomateriali per l'ingegnerizzazione del tessuto cardiaco, di nanovettori mirati multifunzionali, di micro-nanosistemi innovativi per il trattamento di malattie genetiche e cellule tumorali. I meccanismi supramolecolari che coinvolgono i biomateriali vengono studiati mediante approcci sia sperimentali che teorici, cos\u00ec come i processi di rilascio di farmaci che coinvolgono nanoparticelle, membrane biologiche, vescicole e sistemi basati su polimeri.<\/span><span data-ccp-props=\"{&quot;134233117&quot;:false,&quot;134233118&quot;:false,&quot;201341983&quot;:0,&quot;335551550&quot;:1,&quot;335551620&quot;:1,&quot;335559685&quot;:0,&quot;335559737&quot;:0,&quot;335559738&quot;:0,&quot;335559739&quot;:150,&quot;335559740&quot;:240}\">\u00a0<\/span><\/p><p><span data-contrast=\"none\">Calorimetria, <\/span><span data-contrast=\"none\">Dynamic Light Scattering, elettroforesi con laser doppler, spettroscopia di fluorescenza e NMR sono solo alcune delle tecniche analitiche applicate per affrontare queste sfide.<\/span><span data-contrast=\"none\">\u00a0<\/span><span data-ccp-props=\"{&quot;134233117&quot;:false,&quot;134233118&quot;:false,&quot;201341983&quot;:0,&quot;335551550&quot;:1,&quot;335551620&quot;:1,&quot;335559685&quot;:0,&quot;335559737&quot;:0,&quot;335559738&quot;:0,&quot;335559739&quot;:150,&quot;335559740&quot;:240}\">\u00a0<\/span><\/p><p><span data-ccp-props=\"{&quot;134233117&quot;:false,&quot;134233118&quot;:false,&quot;201341983&quot;:0,&quot;335551550&quot;:1,&quot;335551620&quot;:1,&quot;335559685&quot;:0,&quot;335559737&quot;:0,&quot;335559738&quot;:0,&quot;335559739&quot;:150,&quot;335559740&quot;:240}\">\u00a0<\/span><\/p><p><a href=\"https:\/\/www.ipcf.cnr.it\/it\/laboratories\/laboratory-of-biotechnology-and-bionanomaterials\/\" target=\"_blank\" rel=\"noopener\">Laboratory of Biotechnology and Bio-nanomaterials &#8211; Bari<\/a><\/p><p><a href=\"https:\/\/www.ipcf.cnr.it\/it\/laboratories\/laboratory-of-light-scattering-and-fluorescence-spectroscopy-for-the-study-of-nanostructured-materials-and-optical-molecular-sensors\/\" target=\"_blank\" rel=\"noopener\">Laboratory of Light Scattering and Fluorescence Spectroscopy for the Study of Nanostructured Materials and Optical Molecular Sensors &#8211; Messina<\/a><\/p><p><a href=\"https:\/\/www.ipcf.cnr.it\/it\/laboratories\/laboratory-of-production-and-characterization-of-biomaterials-from-macro-to-nanoscale\/\" target=\"_blank\" rel=\"noopener\">Laboratory of Production and Characterization of Biomaterials from Macro to Nanoscale &#8211; Pisa<\/a><\/p><p><a href=\"https:\/\/www.ipcf.cnr.it\/it\/laboratories\/polygreenlab\/\" target=\"_blank\" rel=\"noopener\">PolyGreenLab &#8211; Pisa<\/a><\/p><p><a href=\"https:\/\/www.ipcf.cnr.it\/it\/laboratories\/vision-science-artificial-intelligence-laboratory-for-technological-transfer-activities\/\" target=\"_blank\" rel=\"noopener\">Vision Science &amp; Artificial Intelligence laboratory for technological transfer activities &#8211; Messina<\/a><\/p>\t\t\t\t\t\t\t\t<\/div>\n\t\t\t\t<\/div>\n\t\t\t\t<div class=\"elementor-element elementor-element-3d6ce9f2 elementor-widget elementor-widget-spacer\" data-id=\"3d6ce9f2\" data-element_type=\"widget\" data-e-type=\"widget\" data-widget_type=\"spacer.default\">\n\t\t\t\t<div class=\"elementor-widget-container\">\n\t\t\t\t\t\t\t<div class=\"elementor-spacer\">\n\t\t\t<div class=\"elementor-spacer-inner\"><\/div>\n\t\t<\/div>\n\t\t\t\t\t\t<\/div>\n\t\t\t\t<\/div>\n\t\t\t\t\t<\/div>\n\t\t<\/div>\n\t\t\t\t\t<\/div>\n\t\t<\/section>\n\t\t\t\t<\/div>","protected":false},"excerpt":{"rendered":"<p>Researchers based in the three divisions of IPCF are strongly committed to Life Sciences, and several research lines are currently carried out around this subject matter, with the aim of gaining new insight into the biological processes, thus contributing to a sustainable development of the society and to an improvement in the quality of life [&hellip;]<\/p>\n","protected":false},"author":4,"featured_media":0,"parent":3184,"menu_order":0,"comment_status":"closed","ping_status":"closed","template":"","meta":{"_monsterinsights_skip_tracking":false,"_monsterinsights_sitenote_active":false,"_monsterinsights_sitenote_note":"","_monsterinsights_sitenote_category":0,"footnotes":""},"class_list":["post-4327","page","type-page","status-publish","hentry"],"aioseo_notices":[],"guten_post_layout_featured_media_urls":{"full":false,"thumbnail":false,"medium":false,"medium_large":false,"large":false,"1536x1536":false,"2048x2048":false,"trp-custom-language-flag":false,"wpca-thumb":false,"guten_post_layout_landscape_large":false,"guten_post_layout_portrait_large":false,"guten_post_layout_square_large":false,"guten_post_layout_landscape":false,"guten_post_layout_portrait":false,"guten_post_layout_square":false,"academix-single-team-thumb":false,"academix-team-thumbnail":false,"academix-event-thumbnail":false,"academix-event-gallery-thumb":false,"academix-blog-thumb":false},"_links":{"self":[{"href":"https:\/\/www.ipcf.cnr.it\/it\/wp-json\/wp\/v2\/pages\/4327","targetHints":{"allow":["GET"]}}],"collection":[{"href":"https:\/\/www.ipcf.cnr.it\/it\/wp-json\/wp\/v2\/pages"}],"about":[{"href":"https:\/\/www.ipcf.cnr.it\/it\/wp-json\/wp\/v2\/types\/page"}],"author":[{"embeddable":true,"href":"https:\/\/www.ipcf.cnr.it\/it\/wp-json\/wp\/v2\/users\/4"}],"replies":[{"embeddable":true,"href":"https:\/\/www.ipcf.cnr.it\/it\/wp-json\/wp\/v2\/comments?post=4327"}],"version-history":[{"count":35,"href":"https:\/\/www.ipcf.cnr.it\/it\/wp-json\/wp\/v2\/pages\/4327\/revisions"}],"predecessor-version":[{"id":9892,"href":"https:\/\/www.ipcf.cnr.it\/it\/wp-json\/wp\/v2\/pages\/4327\/revisions\/9892"}],"up":[{"embeddable":true,"href":"https:\/\/www.ipcf.cnr.it\/it\/wp-json\/wp\/v2\/pages\/3184"}],"wp:attachment":[{"href":"https:\/\/www.ipcf.cnr.it\/it\/wp-json\/wp\/v2\/media?parent=4327"}],"curies":[{"name":"wp","href":"https:\/\/api.w.org\/{rel}","templated":true}]}}